{"id":10107,"date":"2022-05-17T20:03:57","date_gmt":"2022-05-17T18:03:57","guid":{"rendered":"https:\/\/dev.lapurla.ch\/weiterbildung\/"},"modified":"2022-09-08T16:48:51","modified_gmt":"2022-09-08T14:48:51","slug":"weiterbildung","status":"publish","type":"page","link":"https:\/\/dev.lapurla.ch\/it\/weiterbildung\/","title":{"rendered":"Aggiornamento"},"content":{"rendered":"\n<div id=\"lead-text-block_62b34d377cad8\" class=\"mod-lead-text\">\n\t        <div class=\"row\">\n            <div class=\"col-12\">\n\t\t\t\t                <div class=\"lead-text\">\n\t\t\t\t\t<p>Al fine di garantire un\u2019elevata qualit\u00e0 nelle offerte creative per la prima infanzia inerenti alla formazione estetica e alla partecipazione culturale, sono necessari adeguati corsi di formazione e aggiornamento per qualificare il personale specializzato nel settore della prima infanzia nonch\u00e9 i mediatori culturali e gli artisti.<\/p>\n                <\/div>\n            <\/div>\n        <\/div>\n\t<\/div>\n\n\n<figure class=\"wp-block-image size-large\"><img loading=\"lazy\" decoding=\"async\" width=\"1024\" height=\"464\" src=\"https:\/\/dev.lapurla.ch\/wp-content\/uploads\/2022\/06\/2WBVermittlungCAS-Kulturelle-Bildung-im-Elementarbereich-1024x464.jpg\" alt=\"\" class=\"wp-image-2211\" srcset=\"https:\/\/dev.lapurla.ch\/wp-content\/uploads\/2022\/06\/2WBVermittlungCAS-Kulturelle-Bildung-im-Elementarbereich-1024x464.jpg 1024w, https:\/\/dev.lapurla.ch\/wp-content\/uploads\/2022\/06\/2WBVermittlungCAS-Kulturelle-Bildung-im-Elementarbereich-300x136.jpg 300w, https:\/\/dev.lapurla.ch\/wp-content\/uploads\/2022\/06\/2WBVermittlungCAS-Kulturelle-Bildung-im-Elementarbereich-768x348.jpg 768w, https:\/\/dev.lapurla.ch\/wp-content\/uploads\/2022\/06\/2WBVermittlungCAS-Kulturelle-Bildung-im-Elementarbereich-1536x696.jpg 1536w, https:\/\/dev.lapurla.ch\/wp-content\/uploads\/2022\/06\/2WBVermittlungCAS-Kulturelle-Bildung-im-Elementarbereich-2048x928.jpg 2048w\" sizes=\"auto, (max-width: 1024px) 100vw, 1024px\" \/><\/figure>\n\n\n\n<hr class=\"wp-block-separator has-alpha-channel-opacity\"\/>\n\n\n\n<blockquote class=\"wp-block-quote is-layout-flow wp-block-quote-is-layout-flow\"><p>\u201cIl cambiamento ha bisogno di nuovi impulsi nella formazione e nell\u2019aggiornamento.\u201d<\/p><cite>Carolin Fedier | Responsabile settore specialistico Mediazione culturale, Ufficio della cultura del Canton Berna<\/cite><\/blockquote>\n\n\n\n<hr class=\"wp-block-separator has-alpha-channel-opacity\"\/>\n\n\n\n<h2 class=\"wp-block-heading\" id=\"CAS-Kulturelle-Bild\">CAS Kulturelle Bildung (formazione culturale)<\/h2>\n\n\n\n<p>Il corso di formazione continua <a href=\"https:\/\/dev.lapurla.ch\/it\/impulse\/cas-kulturelle-bildung.html\" target=\"_blank\" rel=\"noreferrer noopener\">CAS \u201cKulturelle Bildung \u2013 Kreativit\u00e4t erm\u00f6glichen ab der Fr\u00fchen Kindheit\u201d<\/a> (\u201cFormazione culturale \u2013 consentire la creativit\u00e0 dalla prima infanzia\u201d) presso l\u2019Universit\u00e0 delle Arti di Berna (HKB) \u00e8 unico nel suo genere in Svizzera. Dal 2013 riscuote grande successo grazie all\u2019orientamento ai gruppi target e al suo ormai comprovato alto grado di efficacia. Riunisce infatti professionisti dei settori formazione, prima infanzia, arte e cultura, pedagogia curativa ed educazione speciale, cultura sociale e li qualifica per realizzare progetti comuni di formazione e partecipazione estetica e culturale a partire dalla prima infanzia. La formazione continua \u00e8 inserita in un\u2019offerta curriculare nell\u2019iniziativa nazionale Lapurla.<\/p>\n\n\n\n<blockquote class=\"wp-block-quote is-layout-flow wp-block-quote-is-layout-flow\"><p>\u201cAttraverso CAS Kulturelle Bildung ho riscoperto la gioia di esprimere la mia creativit\u00e0. Inoltre, la rete di collegamenti delle partecipanti e i numerosi impulsi forniti dai corsi mi hanno trasmesso tante idee utili per lavorare in modo creativo con i bambini e con le loro famiglie.\u201d<\/p><cite>Laura Bauer, direttrice dell\u2019atelier per bambini di Horgen, diplomata nel 2022<\/cite><\/blockquote>\n\n\n\n<div id=\"button-block_62d9bd63394da\" class=\"mod-button\">\n\t        <div class=\"block-button\">\n\t\t\t                <a href=\"https:\/\/dev.lapurla.ch\/it\/news\/cas-kulturelle-bildung-kreativitaet-ermoeglichen-ab-der-fruehen-kindheit\/\" title=\"Uno sguardo alla formazione continua\" target=\"_blank\" class=\"block-button__link\">\n\t\t\t\t\tUno sguardo alla formazione continua                <\/a>\n\t\t\t        <\/div>\n\t<\/div>\n\n\n\n<hr class=\"wp-block-separator has-alpha-channel-opacity\"\/>\n\n\n\n<h2 class=\"Weitere Weiterbildungen wp-block-heading\" id=\"Weitere-Weiterbildungsangebote\">Altre offerte di formazione continua<\/h2>\n\n\n\n<p>Qui sono disponibili altre offerte di formazione continua che sensibilizzano il personale specializzato sugli obiettivi di Lapurla e che consigliamo in materia di prima infanzia, cultura, formazione estetica, partecipazione culturale e co-costruzione. Attualmente sono in fase di preparazione.<\/p>\n\n\n\n<div style=\"height:50px\" aria-hidden=\"true\" class=\"wp-block-spacer\"><\/div>\n\n\n\n<div id=\"button-block_62ba1b701fbc7\" class=\"mod-button\">\n\t        <div class=\"block-button\">\n\t\t\t                <a href=\"https:\/\/dev.lapurla.ch\/it\/events\/\" title=\"Prossimi eventi\" target=\"_blank\" class=\"block-button__link\">\n\t\t\t\t\tProssimi eventi                <\/a>\n\t\t\t        <\/div>\n\t<\/div>\n","protected":false},"excerpt":{"rendered":"<p>\u201cIl cambiamento ha bisogno di nuovi impulsi nella formazione e nell\u2019aggiornamento.\u201d Carolin Fedier | Responsabile settore specialistico Mediazione culturale, Ufficio della cultura del Canton Berna CAS Kulturelle Bildung (formazione culturale) Il corso di formazione continua CAS \u201cKulturelle Bildung \u2013 Kreativit\u00e4t erm\u00f6glichen ab der Fr\u00fchen Kindheit\u201d (\u201cFormazione culturale \u2013 consentire la creativit\u00e0 dalla prima infanzia\u201d) presso [&hellip;]<\/p>\n","protected":false},"author":2,"featured_media":0,"parent":0,"menu_order":0,"comment_status":"closed","ping_status":"closed","template":"","meta":{"_acf_changed":false,"latitude":"","longitude":"","kurzbeschreibung":"","datum_von":"","footnotes":""},"class_list":["post-10107","page","type-page","status-publish","hentry"],"acf":[],"_links":{"self":[{"href":"https:\/\/dev.lapurla.ch\/it\/wp-json\/wp\/v2\/pages\/10107","targetHints":{"allow":["GET"]}}],"collection":[{"href":"https:\/\/dev.lapurla.ch\/it\/wp-json\/wp\/v2\/pages"}],"about":[{"href":"https:\/\/dev.lapurla.ch\/it\/wp-json\/wp\/v2\/types\/page"}],"author":[{"embeddable":true,"href":"https:\/\/dev.lapurla.ch\/it\/wp-json\/wp\/v2\/users\/2"}],"replies":[{"embeddable":true,"href":"https:\/\/dev.lapurla.ch\/it\/wp-json\/wp\/v2\/comments?post=10107"}],"version-history":[{"count":3,"href":"https:\/\/dev.lapurla.ch\/it\/wp-json\/wp\/v2\/pages\/10107\/revisions"}],"predecessor-version":[{"id":11188,"href":"https:\/\/dev.lapurla.ch\/it\/wp-json\/wp\/v2\/pages\/10107\/revisions\/11188"}],"wp:attachment":[{"href":"https:\/\/dev.lapurla.ch\/it\/wp-json\/wp\/v2\/media?parent=10107"}],"curies":[{"name":"wp","href":"https:\/\/api.w.org\/{rel}","templated":true}]}}