{"id":10051,"date":"2022-05-16T19:43:11","date_gmt":"2022-05-16T17:43:11","guid":{"rendered":"https:\/\/dev.lapurla.ch\/haeufig-gestellte-fragen-faq\/"},"modified":"2022-09-08T18:50:27","modified_gmt":"2022-09-08T16:50:27","slug":"haeufig-gestellte-fragen-faq","status":"publish","type":"page","link":"https:\/\/dev.lapurla.ch\/it\/haeufig-gestellte-fragen-faq\/","title":{"rendered":"FAQ"},"content":{"rendered":"\n<h1 class=\"wp-block-heading\">Domande frequenti<\/h1>\n\n\n\n<figure class=\"wp-block-image size-large\"><img loading=\"lazy\" decoding=\"async\" width=\"1024\" height=\"558\" src=\"https:\/\/dev.lapurla.ch\/wp-content\/uploads\/2022\/07\/LapurlaIconFAQ-1024x558.jpeg\" alt=\"\" class=\"wp-image-8777\" srcset=\"https:\/\/dev.lapurla.ch\/wp-content\/uploads\/2022\/07\/LapurlaIconFAQ-1024x558.jpeg 1024w, https:\/\/dev.lapurla.ch\/wp-content\/uploads\/2022\/07\/LapurlaIconFAQ-300x164.jpeg 300w, https:\/\/dev.lapurla.ch\/wp-content\/uploads\/2022\/07\/LapurlaIconFAQ-768x419.jpeg 768w, https:\/\/dev.lapurla.ch\/wp-content\/uploads\/2022\/07\/LapurlaIconFAQ.jpeg 1528w\" sizes=\"auto, (max-width: 1024px) 100vw, 1024px\" \/><\/figure>\n\n\n<div id=\"accordion-block_627eaef758f67\" class=\"mod-accordion\">\n\t            <div id=\"accordion-block_627eaef758f67\" class=\"accordion accordion-flush\">\n\t\t\t\t\t\t\t\t\t                    <div class=\"accordion-item\">\n                        <button class=\"accordion-button collapsed\"\n                                type=\"button\"\n                                id=\"\"\n                                data-bs-toggle=\"collapse\"\n                                data-bs-target=\"#collapse-block_627eaef758f67-1\"\n                                aria-expanded=\"true\"\n                                aria-controls=\"collapse-block_627eaef758f67-1\">\n\t                        <svg class=\"svg-icon icon-arrow-up\" xmlns=\"http:\/\/www.w3.org\/2000\/svg\"><use xmlns:xlink=\"http:\/\/www.w3.org\/1999\/xlink\" xlink:href=\"https:\/\/dev.lapurla.ch\/wp-content\/themes\/lapurla\/dist\/icons.svg?f27dc72#arrow-up\"><\/use><\/svg>                            <h3>\n\t\t\t\t\t\t\t\tPerch\u00e9 esiste Lapurla?                            <\/h3>\n                        <\/button>\n\n                        <div id=\"collapse-block_627eaef758f67-1\" class=\"collapse \"\n                             data-parent=\"#accordion-block_627eaef758f67\">\n                            <div class=\"accordion-content row\">\n                                <div class=\"col\">\n                                    <div class=\"text\">\n\t\t\t\t\t\t\t\t\t\t<p>\u00c8 comprovato che la societ\u00e0 delle pari opportunit\u00e0 inizia a svilupparsi nella prima infanzia, considerato che nel nostro cervello il 90% delle sinapsi si forma nei primi cinque anni di vita. Ed \u00e8 dimostrato scientificamente che l\u2019investimento in programmi di buona qualit\u00e0 per la prima infanzia ha un <a href=\"https:\/\/jacobsfoundation.org\/investitionen-in-die-fruhkindliche-forderung-zahlen-sich-aus\/\" target=\"_blank\" rel=\"noopener\">ritorno compreso tra il 7 e il 10%<\/a>. Il fatto che in Svizzera la formazione cominci ufficialmente soltanto dai 4 anni con l\u2019accesso alla scuola materna rappresenta una forte carenza nella politica dell\u2019educazione, alla quale lo Stato deve sopperire con ingenti costi. Per questo motivo con Lapurla \u00e8 stato avviato un movimento che si impegna a favore dei bambini di et\u00e0 tra 0 e 4 anni. <a href=\"https:\/\/dev.lapurla.ch\/it\/fachpersonen\/\" target=\"_blank\" rel=\"noopener\">La formazione estetica<\/a> \u00e8 la pi\u00f9 elementare dimensione formativa della prima infanzia. Rafforza la capacit\u00e0 di percezione ed espressione dei pi\u00f9 piccoli e favorisce l\u2019autoefficacia. Oltre a essere fattori di resilienza importanti per tutelare la salute, queste capacit\u00e0 sono anche competenze basilari per affrontare i cambiamenti in maniera costruttiva e flessibile. Tali processi educativi richiedono un\u2019elevata professionalit\u00e0. Per questo Lapurla collabora con specialisti della prima infanzia, mediatori culturali e artisti, personale specializzato in servizi sociali, formazione, pedagogia curativa e salute nonch\u00e9 con i centri familiari. Anche l\u2019attivit\u00e0 di lobby presso le autorit\u00e0 e la politica \u00e8 un elemento centrale per la creazione e il finanziamento a lungo termine delle condizioni quadro che consentano a questa consapevolezza di affermarsi in maniera duratura nella societ\u00e0. Lapurla esiste dunque affinch\u00e9, partendo dai pi\u00f9 piccoli, sia possibile esercitare il maggior effetto possibile sulla coesione sociale.<\/p>\n                                    <\/div>\n                                <\/div>\n\t\t\t\t\t\t\t\t                            <\/div>\n                        <\/div>\n                    <\/div>\n\t\t\t\t\t\t\t\t\t                    <div class=\"accordion-item\">\n                        <button class=\"accordion-button collapsed\"\n                                type=\"button\"\n                                id=\"\"\n                                data-bs-toggle=\"collapse\"\n                                data-bs-target=\"#collapse-block_627eaef758f67-2\"\n                                aria-expanded=\"true\"\n                                aria-controls=\"collapse-block_627eaef758f67-2\">\n\t                        <svg class=\"svg-icon icon-arrow-up\" xmlns=\"http:\/\/www.w3.org\/2000\/svg\"><use xmlns:xlink=\"http:\/\/www.w3.org\/1999\/xlink\" xlink:href=\"https:\/\/dev.lapurla.ch\/wp-content\/themes\/lapurla\/dist\/icons.svg?f27dc72#arrow-up\"><\/use><\/svg>                            <h3>\n\t\t\t\t\t\t\t\tCosa significa Lapurla?                             <\/h3>\n                        <\/button>\n\n                        <div id=\"collapse-block_627eaef758f67-2\" class=\"collapse \"\n                             data-parent=\"#accordion-block_627eaef758f67\">\n                            <div class=\"accordion-content row\">\n                                <div class=\"col\">\n                                    <div class=\"text\">\n\t\t\t\t\t\t\t\t\t\t<p>Lapurla \u00e8 l\u2019onomatopea dell\u2019espressione francese \u201cL\u2019art pour l\u2019art\u201d, ossia \u201cl\u2019arte fine a s\u00e9 stessa\u201d o \u201cil fare fine a s\u00e9 stesso\u201d. Lapurla \u00e8 il momento in cui un bambino asseconda la sua curiosit\u00e0, intraprendendo un percorso creativo che nel migliore dei casi gli consente di esplorare s\u00e9 stesso e il suo ambiente nel \u201cflusso dell\u2019azione\u201d. \u00c8 un\u2019esperienza che vogliamo permettere di fare ai bambini fin dalla nascita. Lapurla rimanda al potenziale delle arti in termini di esperienze estetiche: quanto prima avvengono nella vita, tanto meglio. Perci\u00f2 la missione di Lapurla si concentra in particolare sui bambini di et\u00e0 da 0 a 4 anni.<\/p>\n                                    <\/div>\n                                <\/div>\n\t\t\t\t\t\t\t\t                            <\/div>\n                        <\/div>\n                    <\/div>\n\t\t\t\t\t\t\t\t\t                    <div class=\"accordion-item\">\n                        <button class=\"accordion-button collapsed\"\n                                type=\"button\"\n                                id=\"\"\n                                data-bs-toggle=\"collapse\"\n                                data-bs-target=\"#collapse-block_627eaef758f67-3\"\n                                aria-expanded=\"true\"\n                                aria-controls=\"collapse-block_627eaef758f67-3\">\n\t                        <svg class=\"svg-icon icon-arrow-up\" xmlns=\"http:\/\/www.w3.org\/2000\/svg\"><use xmlns:xlink=\"http:\/\/www.w3.org\/1999\/xlink\" xlink:href=\"https:\/\/dev.lapurla.ch\/wp-content\/themes\/lapurla\/dist\/icons.svg?f27dc72#arrow-up\"><\/use><\/svg>                            <h3>\n\t\t\t\t\t\t\t\tCome collaborare con Lapurla?                            <\/h3>\n                        <\/button>\n\n                        <div id=\"collapse-block_627eaef758f67-3\" class=\"collapse \"\n                             data-parent=\"#accordion-block_627eaef758f67\">\n                            <div class=\"accordion-content row\">\n                                <div class=\"col\">\n                                    <div class=\"text\">\n\t\t\t\t\t\t\t\t\t\t<p><strong>Lapurla per il personale specializzato:<\/strong><\/p>\n<p>si pu\u00f2 partecipare e collaborare con Lapurla in vari modi: consigliamo al personale specializzato di aderire gratuitamente alla <a href=\"https:\/\/dev.lapurla.ch\/it\/netzwerk\/\" target=\"_blank\" rel=\"noopener\">nostra rete per beneficiare<\/a> dello scambio di informazioni e delle esperienze degli altri membri. Lapurla organizza regolarmente incontri tematici a livello regionale e nazionale per mettere in contatto le persone aderenti alla rete e offrire una piattaforma per lo scambio di idee e proposte. Se desideri contribuire attivamente, puoi partecipare alle attivit\u00e0 di un gruppo regionale oppure invitare la comunit\u00e0 Lapurla nella tua regione. Come aderente alla rete hai inoltre accesso alle piattaforme e ai canali di comunicazione di Lapurla: puoi pubblicare sul nostro sito web le tue offerte e i tuoi inviti, oppure accedere per qualche giorno ai nostri canali social media e fornire informazioni di prima mano alla community Lapurla sulla tua attivit\u00e0 quotidiana o su un evento. Lapurla si riserva il diritto di rifiutare richieste per motivi giustificati.<\/p>\n<p><strong>Lapurla per tutti:<\/strong><\/p>\n<p>hai tuttavia la possibilit\u00e0 di sperimentare Lapurla anche nel tuo piccolo, individualmente o con i tuoi bambini: Lapurla \u00e8 infatti un modo di esprimere la gioia di vivere! Siate curiosi tutti quanti, per una volta fate le cose diversamente dal solito, lasciatevi sorprendere dall\u2019imprevisto e dall\u2019inatteso e godetevi ci\u00f2 che avete scoperto, inventato e realizzato insieme. Finch\u00e9 c\u2019\u00e8 la scintilla della creativit\u00e0, c\u2019\u00e8 anche Lapurla.<\/p>\n                                    <\/div>\n                                <\/div>\n\t\t\t\t\t\t\t\t                            <\/div>\n                        <\/div>\n                    <\/div>\n\t\t\t\t\t\t\t\t\t                    <div class=\"accordion-item\">\n                        <button class=\"accordion-button collapsed\"\n                                type=\"button\"\n                                id=\"\"\n                                data-bs-toggle=\"collapse\"\n                                data-bs-target=\"#collapse-block_627eaef758f67-4\"\n                                aria-expanded=\"true\"\n                                aria-controls=\"collapse-block_627eaef758f67-4\">\n\t                        <svg class=\"svg-icon icon-arrow-up\" xmlns=\"http:\/\/www.w3.org\/2000\/svg\"><use xmlns:xlink=\"http:\/\/www.w3.org\/1999\/xlink\" xlink:href=\"https:\/\/dev.lapurla.ch\/wp-content\/themes\/lapurla\/dist\/icons.svg?f27dc72#arrow-up\"><\/use><\/svg>                            <h3>\n\t\t\t\t\t\t\t\tPosso chiedere a Lapurla denaro per dei progetti?                             <\/h3>\n                        <\/button>\n\n                        <div id=\"collapse-block_627eaef758f67-4\" class=\"collapse \"\n                             data-parent=\"#accordion-block_627eaef758f67\">\n                            <div class=\"accordion-content row\">\n                                <div class=\"col\">\n                                    <div class=\"text\">\n\t\t\t\t\t\t\t\t\t\t<p>No, al momento Lapurla non pu\u00f2 stanziare fondi a sostegno di progetti. A seconda delle possibilit\u00e0, sosteniamo i progetti mediante consulenze e idee per la raccolta fondi. Lapurla \u00e8 consapevole che il finanziamento di progetti che intrecciano aspetti culturali e sociali rimane ancora una sfida. Per questo sta cercando di creare a lungo termine le condizioni quadro a un livello politico sovraordinato, affinch\u00e9 in futuro sia pi\u00f9 facile chiedere fondi alle autorit\u00e0 e agli enti regionali.<\/p>\n                                    <\/div>\n                                <\/div>\n\t\t\t\t\t\t\t\t                            <\/div>\n                        <\/div>\n                    <\/div>\n\t\t\t\t\t\t\t\t\t                    <div class=\"accordion-item\">\n                        <button class=\"accordion-button collapsed\"\n                                type=\"button\"\n                                id=\"\"\n                                data-bs-toggle=\"collapse\"\n                                data-bs-target=\"#collapse-block_627eaef758f67-5\"\n                                aria-expanded=\"true\"\n                                aria-controls=\"collapse-block_627eaef758f67-5\">\n\t                        <svg class=\"svg-icon icon-arrow-up\" xmlns=\"http:\/\/www.w3.org\/2000\/svg\"><use xmlns:xlink=\"http:\/\/www.w3.org\/1999\/xlink\" xlink:href=\"https:\/\/dev.lapurla.ch\/wp-content\/themes\/lapurla\/dist\/icons.svg?f27dc72#arrow-up\"><\/use><\/svg>                            <h3>\n\t\t\t\t\t\t\t\tDove trovo nella mia zona le offerte di Lapurla per l\u2019infanzia?                             <\/h3>\n                        <\/button>\n\n                        <div id=\"collapse-block_627eaef758f67-5\" class=\"collapse \"\n                             data-parent=\"#accordion-block_627eaef758f67\">\n                            <div class=\"accordion-content row\">\n                                <div class=\"col\">\n                                    <div class=\"text\">\n\t\t\t\t\t\t\t\t\t\t<p>In collaborazione con la nostra rete stiamo creando nuove offerte da pubblicare sul sito web di Lapurla. Per i progetti nelle tue vicinanze consulta la mappa alla pagina iniziale del nostro sito. Gli eventi in programma sono disponibili <a href=\"https:\/\/dev.lapurla.ch\/it\/events\/\" target=\"_blank\" rel=\"noopener\">alla voce Prossimi<\/a> eventi. Per comunicare un\u2019interessante offerta personale o segnalarne una che soddisfa i principi di Lapurla, basta contattarci.<\/p>\n                                    <\/div>\n                                <\/div>\n\t\t\t\t\t\t\t\t                            <\/div>\n                        <\/div>\n                    <\/div>\n\t\t\t\t\t\t\t\t\t                    <div class=\"accordion-item\">\n                        <button class=\"accordion-button collapsed\"\n                                type=\"button\"\n                                id=\"\"\n                                data-bs-toggle=\"collapse\"\n                                data-bs-target=\"#collapse-block_627eaef758f67-6\"\n                                aria-expanded=\"true\"\n                                aria-controls=\"collapse-block_627eaef758f67-6\">\n\t                        <svg class=\"svg-icon icon-arrow-up\" xmlns=\"http:\/\/www.w3.org\/2000\/svg\"><use xmlns:xlink=\"http:\/\/www.w3.org\/1999\/xlink\" xlink:href=\"https:\/\/dev.lapurla.ch\/wp-content\/themes\/lapurla\/dist\/icons.svg?f27dc72#arrow-up\"><\/use><\/svg>                            <h3>\n\t\t\t\t\t\t\t\tQual \u00e8 dunque il focus di Lapurla?                             <\/h3>\n                        <\/button>\n\n                        <div id=\"collapse-block_627eaef758f67-6\" class=\"collapse \"\n                             data-parent=\"#accordion-block_627eaef758f67\">\n                            <div class=\"accordion-content row\">\n                                <div class=\"col\">\n                                    <div class=\"text\">\n\t\t\t\t\t\t\t\t\t\t<p>L\u2019intera attivit\u00e0 di Lapurla si fonda su <a href=\"https:\/\/dev.lapurla.ch\/it\/prinzipien\/\" target=\"_blank\" rel=\"noopener\">principi<\/a> in cui si riconoscono anche tutte le persone aderenti alla rete. A chi desidera approfondire le basi scientifiche e i fondamenti dei principi di Lapurla consigliamo la lettura della pubblicazione tematica <a href=\"https:\/\/dev.lapurla.ch\/it\/fokuspublikation\/\">\u201c\u00c4sthetische Bildung und kulturelle Teilhabe \u2013 von Anfang an!\u201d<\/a> (\u201cFormazione estetica e partecipazione culturale \u2013 sin dall\u2019inizio!\u201d) (2017). Il testo offre un compendio delle basi scientifiche dell\u2019attivit\u00e0 di Lapurla. A chi desidera invece sapere cosa intendiamo per \u201cintrodurre momenti Lapurla nella vita quotidiana\u201d, la brochure <a href=\"https:\/\/dev.lapurla.ch\/it\/download\/\">\u201cPi\u00f9 creativi sin dall\u2019inizio\u201d<\/a> fornisce spunti interessanti. La brochure \u00e8 ordinabile gratuitamente.<\/p>\n                                    <\/div>\n                                <\/div>\n\t\t\t\t\t\t\t\t                            <\/div>\n                        <\/div>\n                    <\/div>\n\t\t\t\t\t\t\t\t\t                    <div class=\"accordion-item\">\n                        <button class=\"accordion-button collapsed\"\n                                type=\"button\"\n                                id=\"\"\n                                data-bs-toggle=\"collapse\"\n                                data-bs-target=\"#collapse-block_627eaef758f67-7\"\n                                aria-expanded=\"true\"\n                                aria-controls=\"collapse-block_627eaef758f67-7\">\n\t                        <svg class=\"svg-icon icon-arrow-up\" xmlns=\"http:\/\/www.w3.org\/2000\/svg\"><use xmlns:xlink=\"http:\/\/www.w3.org\/1999\/xlink\" xlink:href=\"https:\/\/dev.lapurla.ch\/wp-content\/themes\/lapurla\/dist\/icons.svg?f27dc72#arrow-up\"><\/use><\/svg>                            <h3>\n\t\t\t\t\t\t\t\tQuali sono le prospettive di sviluppo di Lapurla?                             <\/h3>\n                        <\/button>\n\n                        <div id=\"collapse-block_627eaef758f67-7\" class=\"collapse \"\n                             data-parent=\"#accordion-block_627eaef758f67\">\n                            <div class=\"accordion-content row\">\n                                <div class=\"col\">\n                                    <div class=\"text\">\n\t\t\t\t\t\t\t\t\t\t<p>Attualmente Lapurla \u00e8 un\u2019iniziativa nazionale con una rete che promuove lo scambio tra le persone vi aderiscono, offre una piattaforma agli obiettivi summenzionati, porta avanti l\u2019attivit\u00e0 professionale e politica e si adopera per modulare valide offerte di formazione estetica e culturale nella prima infanzia. Il movimento Lapurla in Svizzera \u00e8 costantemente cresciuto dalla sua fondazione nel 2017 ed \u00e8 ormai presente in tutto il Paese. Non \u00e8 pertanto escluso che, con l\u2019aumento dell\u2019efficacia di Lapurla, anche la sua struttura sia destinata a cambiare.<\/p>\n<p>In futuro Lapurla potrebbe diventare un centro di competenza che agisce continuando a basarsi sulla propria rete. Oggi l\u2019attivit\u00e0 di Lapurla \u00e8 finanziata da fondi di terzi. Siamo grati ai partner e alle persone coinvolte per il sostegno finora prestato, che ci ha consentito di creare una piattaforma per dare voce in varie forme alle istanze di Lapurla. Per essere in grado di fare fronte anche in futuro all\u2019aumento della richiesta di impegno da parte di Lapurla, abbiamo bisogno di altri partner sostenitori del settore pubblico e della societ\u00e0 civile.<\/p>\n                                    <\/div>\n                                <\/div>\n\t\t\t\t\t\t\t\t                            <\/div>\n                        <\/div>\n                    <\/div>\n\t\t\t\t            <\/div>\n\t\t\t<\/div>\n","protected":false},"excerpt":{"rendered":"<p>Domande frequenti<\/p>\n","protected":false},"author":2,"featured_media":0,"parent":0,"menu_order":0,"comment_status":"closed","ping_status":"closed","template":"","meta":{"_acf_changed":false,"latitude":"","longitude":"","kurzbeschreibung":"","datum_von":"","footnotes":""},"class_list":["post-10051","page","type-page","status-publish","hentry"],"acf":[],"_links":{"self":[{"href":"https:\/\/dev.lapurla.ch\/it\/wp-json\/wp\/v2\/pages\/10051","targetHints":{"allow":["GET"]}}],"collection":[{"href":"https:\/\/dev.lapurla.ch\/it\/wp-json\/wp\/v2\/pages"}],"about":[{"href":"https:\/\/dev.lapurla.ch\/it\/wp-json\/wp\/v2\/types\/page"}],"author":[{"embeddable":true,"href":"https:\/\/dev.lapurla.ch\/it\/wp-json\/wp\/v2\/users\/2"}],"replies":[{"embeddable":true,"href":"https:\/\/dev.lapurla.ch\/it\/wp-json\/wp\/v2\/comments?post=10051"}],"version-history":[{"count":4,"href":"https:\/\/dev.lapurla.ch\/it\/wp-json\/wp\/v2\/pages\/10051\/revisions"}],"predecessor-version":[{"id":11256,"href":"https:\/\/dev.lapurla.ch\/it\/wp-json\/wp\/v2\/pages\/10051\/revisions\/11256"}],"wp:attachment":[{"href":"https:\/\/dev.lapurla.ch\/it\/wp-json\/wp\/v2\/media?parent=10051"}],"curies":[{"name":"wp","href":"https:\/\/api.w.org\/{rel}","templated":true}]}}