{"id":9981,"date":"2022-06-16T19:45:37","date_gmt":"2022-06-16T17:45:37","guid":{"rendered":"https:\/\/dev.lapurla.ch\/impressum\/"},"modified":"2022-12-07T15:39:48","modified_gmt":"2022-12-07T14:39:48","slug":"impressum","status":"publish","type":"page","link":"https:\/\/dev.lapurla.ch\/fr\/impressum\/","title":{"rendered":"Mentions l\u00e9gales"},"content":{"rendered":"\n<p>\u00a9 Fondation Lapurla, 2022<\/p>\n\n\n\n<h3 class=\"wp-block-heading\">Responsabilit\u00e9 globale<\/h3>\n\n\n\n<p>Karin Kraus, fondatrice &amp; directrice g\u00e9n\u00e9rale<\/p>\n\n\n\n<p>Nous avons r\u00e9dig\u00e9 les textes et les liens de ce site avec soin et les tenons \u00e0 jour dans la mesure du possible. Nous ne garantissons toutefois pas leur exactitude ni leur exhaustivit\u00e9. Les exploitants ou fournisseurs des pages li\u00e9es sont en principe responsables de leur contenu.<\/p>\n\n\n\n<div style=\"height:50px\" aria-hidden=\"true\" class=\"wp-block-spacer\"><\/div>\n\n\n\n<h3 class=\"wp-block-heading\">Contact<\/h3>\n\n\n\n<p>Haute \u00e9cole des arts de Berne HEAB<br>Formation continue<br>Karin Kraus<br>Fellerstrasse 11<br>3027 Berne<br>+41 31 848 38 47<br><a href=\"mailto:karin.kraus@hkb.bfh.ch\" target=\"_blank\" rel=\"noreferrer noopener\">karin.kraus@hkb.bfh.ch<\/a><\/p>\n\n\n\n<div style=\"height:50px\" aria-hidden=\"true\" class=\"wp-block-spacer\"><\/div>\n\n\n\n<h3 class=\"wp-block-heading\">Webdesign<\/h3>\n\n\n\n<p>Hej AG<br>Gasometerstrasse 29a<br>8005 Z\u00fcrich<\/p>\n\n\n\n<p><a href=\"https:\/\/hej.ch\">www.hej.ch<\/a><\/p>\n\n\n\n<div style=\"height:50px\" aria-hidden=\"true\" class=\"wp-block-spacer\"><\/div>\n\n\n\n<h3 class=\"wp-block-heading\">Programmation<\/h3>\n\n\n\n<p>Klub der guten Seiten GmbH<br>Rosenbergstrasse 85<br>9000 St.Gallen<\/p>\n\n\n\n<p><a href=\"https:\/\/www.klubdergutenseiten.ch\">www.klubdergutenseiten.ch<\/a><\/p>\n","protected":false},"excerpt":{"rendered":"<p>\u00a9 Fondation Lapurla, 2022 Responsabilit\u00e9 globale Karin Kraus, fondatrice &amp; directrice g\u00e9n\u00e9rale Nous avons r\u00e9dig\u00e9 les textes et les liens de ce site avec soin et les tenons \u00e0 jour dans la mesure du possible. Nous ne garantissons toutefois pas leur exactitude ni leur exhaustivit\u00e9. Les exploitants ou fournisseurs des pages li\u00e9es sont en principe [&hellip;]<\/p>\n","protected":false},"author":2,"featured_media":0,"parent":0,"menu_order":0,"comment_status":"closed","ping_status":"closed","template":"","meta":{"_acf_changed":false,"latitude":"","longitude":"","kurzbeschreibung":"","datum_von":"","footnotes":""},"class_list":["post-9981","page","type-page","status-publish","hentry"],"acf":[],"_links":{"self":[{"href":"https:\/\/dev.lapurla.ch\/fr\/wp-json\/wp\/v2\/pages\/9981","targetHints":{"allow":["GET"]}}],"collection":[{"href":"https:\/\/dev.lapurla.ch\/fr\/wp-json\/wp\/v2\/pages"}],"about":[{"href":"https:\/\/dev.lapurla.ch\/fr\/wp-json\/wp\/v2\/types\/page"}],"author":[{"embeddable":true,"href":"https:\/\/dev.lapurla.ch\/fr\/wp-json\/wp\/v2\/users\/2"}],"replies":[{"embeddable":true,"href":"https:\/\/dev.lapurla.ch\/fr\/wp-json\/wp\/v2\/comments?post=9981"}],"version-history":[{"count":5,"href":"https:\/\/dev.lapurla.ch\/fr\/wp-json\/wp\/v2\/pages\/9981\/revisions"}],"predecessor-version":[{"id":13446,"href":"https:\/\/dev.lapurla.ch\/fr\/wp-json\/wp\/v2\/pages\/9981\/revisions\/13446"}],"wp:attachment":[{"href":"https:\/\/dev.lapurla.ch\/fr\/wp-json\/wp\/v2\/media?parent=9981"}],"curies":[{"name":"wp","href":"https:\/\/api.w.org\/{rel}","templated":true}]}}