{"id":9972,"date":"2022-05-16T19:43:11","date_gmt":"2022-05-16T17:43:11","guid":{"rendered":"https:\/\/dev.lapurla.ch\/haeufig-gestellte-fragen-faq\/"},"modified":"2022-09-08T18:41:41","modified_gmt":"2022-09-08T16:41:41","slug":"haeufig-gestellte-fragen-faq","status":"publish","type":"page","link":"https:\/\/dev.lapurla.ch\/fr\/haeufig-gestellte-fragen-faq\/","title":{"rendered":"FAQ"},"content":{"rendered":"\n<h1 class=\"wp-block-heading\">Questions fr\u00e9quemment pos\u00e9es<\/h1>\n\n\n\n<figure class=\"wp-block-image size-large\"><img loading=\"lazy\" decoding=\"async\" width=\"1024\" height=\"558\" src=\"https:\/\/dev.lapurla.ch\/wp-content\/uploads\/2022\/07\/LapurlaIconFAQ-1024x558.jpeg\" alt=\"\" class=\"wp-image-8777\" srcset=\"https:\/\/dev.lapurla.ch\/wp-content\/uploads\/2022\/07\/LapurlaIconFAQ-1024x558.jpeg 1024w, https:\/\/dev.lapurla.ch\/wp-content\/uploads\/2022\/07\/LapurlaIconFAQ-300x164.jpeg 300w, https:\/\/dev.lapurla.ch\/wp-content\/uploads\/2022\/07\/LapurlaIconFAQ-768x419.jpeg 768w, https:\/\/dev.lapurla.ch\/wp-content\/uploads\/2022\/07\/LapurlaIconFAQ.jpeg 1528w\" sizes=\"auto, (max-width: 1024px) 100vw, 1024px\" \/><\/figure>\n\n\n<div id=\"accordion-block_627eaef758f67\" class=\"mod-accordion\">\n\t            <div id=\"accordion-block_627eaef758f67\" class=\"accordion accordion-flush\">\n\t\t\t\t\t\t\t\t\t                    <div class=\"accordion-item\">\n                        <button class=\"accordion-button collapsed\"\n                                type=\"button\"\n                                id=\"\"\n                                data-bs-toggle=\"collapse\"\n                                data-bs-target=\"#collapse-block_627eaef758f67-1\"\n                                aria-expanded=\"true\"\n                                aria-controls=\"collapse-block_627eaef758f67-1\">\n\t                        <svg class=\"svg-icon icon-arrow-up\" xmlns=\"http:\/\/www.w3.org\/2000\/svg\"><use xmlns:xlink=\"http:\/\/www.w3.org\/1999\/xlink\" xlink:href=\"https:\/\/dev.lapurla.ch\/wp-content\/themes\/lapurla\/dist\/icons.svg?f27dc72#arrow-up\"><\/use><\/svg>                            <h3>\n\t\t\t\t\t\t\t\tPourquoi est-ce que Lapurla existe?                            <\/h3>\n                        <\/button>\n\n                        <div id=\"collapse-block_627eaef758f67-1\" class=\"collapse \"\n                             data-parent=\"#accordion-block_627eaef758f67\">\n                            <div class=\"accordion-content row\">\n                                <div class=\"col\">\n                                    <div class=\"text\">\n\t\t\t\t\t\t\t\t\t\t<p>Il est av\u00e9r\u00e9 que l\u2019\u00e9galit\u00e9 des chances au sein d\u2019une soci\u00e9t\u00e9 commence d\u00e8s la petite enfance. En effet, 90% des synapses du cerveau sont form\u00e9es au cours des cinq premi\u00e8res ann\u00e9es de notre vie. Il est \u00e9galement d\u00e9montr\u00e9 scientifiquement que des programmes de qualit\u00e9 pour la petite enfance pr\u00e9sentent un <a href=\"https:\/\/jacobsfoundation.org\/investitionen-in-die-fruhkindliche-forderung-zahlen-sich-aus\/\" target=\"_blank\" rel=\"noopener\">retour sur investissement de 7 \u00e0 10%<\/a>. Le fait que l\u2019\u00e9ducation ne d\u00e9bute officiellement qu\u2019\u00e0 l\u2019\u00e2ge de 4\u00a0ans en Suisse, avec l\u2019entr\u00e9e \u00e0 l\u2019\u00e9cole enfantine, constitue donc une omission politique de taille qui co\u00fbte cher \u00e0 l\u2019\u00c9tat en termes de compensation et de rattrapage. C\u2019est la raison pour laquelle un mouvement ax\u00e9 sur les 0-4\u00a0ans a \u00e9t\u00e9 lanc\u00e9 avec Lapurla.<a href=\"https:\/\/dev.lapurla.ch\/fr\/fachpersonen\/\" target=\"_blank\" rel=\"noopener\"> L\u2019\u00e9veil esth\u00e9tique<\/a> est la forme la plus \u00e9l\u00e9mentaire d\u2019\u00e9ducation de la petite enfance. Elle renforce la capacit\u00e9 de perception et d\u2019expression des jeunes enfants tout en encourageant leur auto-efficacit\u00e9, qui sont non seulement des facteurs de protection d\u00e9terminants pour la sant\u00e9 en mati\u00e8re de r\u00e9silience, mais aussi des comp\u00e9tences fondamentales pour pouvoir g\u00e9rer les changements de fa\u00e7on agile et constructive. Ces processus \u00e9ducatifs exigent un niveau de professionnalisme \u00e9lev\u00e9, raison pour laquelle Lapurla collabore avec des sp\u00e9cialistes de la petite enfance, des artistes et des m\u00e9diateurs et m\u00e9diatrices culturel-les, des professionnel-les du travail social, de l\u2019\u00e9ducation, de l\u2019\u00e9ducation sp\u00e9cialis\u00e9e et de la sant\u00e9 ainsi qu\u2019avec des centres d\u2019accueil familial. Le travail de lobbying aupr\u00e8s des autorit\u00e9s et du monde politique constitue \u00e9galement une t\u00e2che centrale pour que les conditions-cadres n\u00e9cessaires puissent \u00eatre cr\u00e9\u00e9s et financ\u00e9es sur le long terme, permettant ainsi un ancrage soci\u00e9tal durable. Lapurla existe donc pour g\u00e9n\u00e9rer, en se concentrant sur les tout-petits, le plus grand impact possible en faveur de la coh\u00e9sion sociale.<\/p>\n                                    <\/div>\n                                <\/div>\n\t\t\t\t\t\t\t\t                            <\/div>\n                        <\/div>\n                    <\/div>\n\t\t\t\t\t\t\t\t\t                    <div class=\"accordion-item\">\n                        <button class=\"accordion-button collapsed\"\n                                type=\"button\"\n                                id=\"\"\n                                data-bs-toggle=\"collapse\"\n                                data-bs-target=\"#collapse-block_627eaef758f67-2\"\n                                aria-expanded=\"true\"\n                                aria-controls=\"collapse-block_627eaef758f67-2\">\n\t                        <svg class=\"svg-icon icon-arrow-up\" xmlns=\"http:\/\/www.w3.org\/2000\/svg\"><use xmlns:xlink=\"http:\/\/www.w3.org\/1999\/xlink\" xlink:href=\"https:\/\/dev.lapurla.ch\/wp-content\/themes\/lapurla\/dist\/icons.svg?f27dc72#arrow-up\"><\/use><\/svg>                            <h3>\n\t\t\t\t\t\t\t\tQue signifie Lapurla?                             <\/h3>\n                        <\/button>\n\n                        <div id=\"collapse-block_627eaef758f67-2\" class=\"collapse \"\n                             data-parent=\"#accordion-block_627eaef758f67\">\n                            <div class=\"accordion-content row\">\n                                <div class=\"col\">\n                                    <div class=\"text\">\n\t\t\t\t\t\t\t\t\t\t<p>Lapurla est une adaptation phon\u00e9tique de \u00abL\u2019art pour l\u2019art\u00bb, c.-\u00e0-d. \u00abl\u2019art qui n\u2019a pas d\u2019autre but que lui-m\u00eame\u00bb. Lapurla, c\u2019est le moment o\u00f9 un enfant suit sa propre curiosit\u00e9, entre dans un processus cr\u00e9atif qui, au mieux, le conduit \u00e0 se d\u00e9couvrir soi-m\u00eame ainsi que son environnement. Nous voulons permettre aux enfants de faire cette exp\u00e9rience d\u00e8s leur naissance. Lapurla souligne le potentiel des arts dans le domaine des exp\u00e9riences esth\u00e9tiques, or plus elles sont pr\u00e9coces, mieux c\u2019est. C\u2019est pourquoi Lapurla cible les enfants de 0\u00a0\u00e0 4\u00a0ans.<\/p>\n                                    <\/div>\n                                <\/div>\n\t\t\t\t\t\t\t\t                            <\/div>\n                        <\/div>\n                    <\/div>\n\t\t\t\t\t\t\t\t\t                    <div class=\"accordion-item\">\n                        <button class=\"accordion-button collapsed\"\n                                type=\"button\"\n                                id=\"\"\n                                data-bs-toggle=\"collapse\"\n                                data-bs-target=\"#collapse-block_627eaef758f67-3\"\n                                aria-expanded=\"true\"\n                                aria-controls=\"collapse-block_627eaef758f67-3\">\n\t                        <svg class=\"svg-icon icon-arrow-up\" xmlns=\"http:\/\/www.w3.org\/2000\/svg\"><use xmlns:xlink=\"http:\/\/www.w3.org\/1999\/xlink\" xlink:href=\"https:\/\/dev.lapurla.ch\/wp-content\/themes\/lapurla\/dist\/icons.svg?f27dc72#arrow-up\"><\/use><\/svg>                            <h3>\n\t\t\t\t\t\t\t\tComment puis-je participer \u00e0 Lapurla?                             <\/h3>\n                        <\/button>\n\n                        <div id=\"collapse-block_627eaef758f67-3\" class=\"collapse \"\n                             data-parent=\"#accordion-block_627eaef758f67\">\n                            <div class=\"accordion-content row\">\n                                <div class=\"col\">\n                                    <div class=\"text\">\n\t\t\t\t\t\t\t\t\t\t<p><strong>Lapurla pour les professionnel-le-s:<\/strong><\/p>\n<p>Il est possible de participer et de s\u2019impliquer dans Lapurla de diverses fa\u00e7ons: nous conseillons aux professionnel-le-s de <a href=\"https:\/\/dev.lapurla.ch\/fr\/netzwerk\/\">rejoindre gratuitement notre r\u00e9seau<\/a>. Les membres du r\u00e9seau profitent en effet de l\u2019\u00e9change d\u2019information et des exp\u00e9riences avec d\u2019autres membres. Lapurla organise par ailleurs r\u00e9guli\u00e8rement des rencontres r\u00e9gionales et nationales dans le but de favoriser les liens entre les membres du r\u00e9seau, d\u2019\u00e9changer des id\u00e9es et de proposer une plateforme. Si vous d\u00e9sirez participer activement, vous pouvez vous engager au sein d\u2019un groupe r\u00e9gional ou inviter la communaut\u00e9 Lapurla chez vous. Comme membre du r\u00e9seau, vous aurez par ailleurs acc\u00e8s aux plateformes et aux canaux de communication de Lapurla: vous pourrez ainsi publier vos offres ou communications sur notre site Internet ou vous charger quelques jours de nos canaux de m\u00e9dias sociaux pour donner \u00e0 la communaut\u00e9 un aper\u00e7u de votre travail quotidien ou communiquer un \u00e9v\u00e8nement. Lapurla se r\u00e9serve le droit de refuser des demandes en justifiant sa d\u00e9cision.<\/p>\n<p><strong>Lapurla pour tout le monde:<\/strong><\/p>\n<p>il est aussi possible de vivre Lapurla \u00e0 l\u2019\u00e9chelle individuelle, pour soi-m\u00eame ou avec ses enfants, car Lapurla est avant tout une philosophie de vie! Ensemble, soyez curieux, sortez des sentiers battus, laissez-vous surprendre par des \u00e9v\u00e8nements inattendus ou inhabituels et r\u00e9jouissez-vous de vos d\u00e9couvertes, inventions et cr\u00e9ations communes. Lapurla est dans la pi\u00e8ce d\u00e8s qu\u2019on y trouve une \u00e9tincelle de cr\u00e9ativit\u00e9.<\/p>\n                                    <\/div>\n                                <\/div>\n\t\t\t\t\t\t\t\t                            <\/div>\n                        <\/div>\n                    <\/div>\n\t\t\t\t\t\t\t\t\t                    <div class=\"accordion-item\">\n                        <button class=\"accordion-button collapsed\"\n                                type=\"button\"\n                                id=\"\"\n                                data-bs-toggle=\"collapse\"\n                                data-bs-target=\"#collapse-block_627eaef758f67-4\"\n                                aria-expanded=\"true\"\n                                aria-controls=\"collapse-block_627eaef758f67-4\">\n\t                        <svg class=\"svg-icon icon-arrow-up\" xmlns=\"http:\/\/www.w3.org\/2000\/svg\"><use xmlns:xlink=\"http:\/\/www.w3.org\/1999\/xlink\" xlink:href=\"https:\/\/dev.lapurla.ch\/wp-content\/themes\/lapurla\/dist\/icons.svg?f27dc72#arrow-up\"><\/use><\/svg>                            <h3>\n\t\t\t\t\t\t\t\tPuis-je demander des contributions financi\u00e8res \u00e0 Lapurla?                             <\/h3>\n                        <\/button>\n\n                        <div id=\"collapse-block_627eaef758f67-4\" class=\"collapse \"\n                             data-parent=\"#accordion-block_627eaef758f67\">\n                            <div class=\"accordion-content row\">\n                                <div class=\"col\">\n                                    <div class=\"text\">\n\t\t\t\t\t\t\t\t\t\t<p>Non, Lapurla ne peut pas accorder de contribution de soutien \u00e0 des projets. Selon nos possibilit\u00e9s, nous soutenons vos projets par le biais de conseils et d\u2019id\u00e9es pour la lev\u00e9e de fonds. Lapurla est consciente de la difficult\u00e9 que repr\u00e9sente le financement de projets qui se situent \u00e0 la crois\u00e9e entre culture et soci\u00e9t\u00e9. C\u2019est pourquoi Lapurla essaye de cr\u00e9er, au niveau politique, des conditions-cadres \u00e0 long terme pour faciliter \u00e0 l\u2019avenir les demandes de financement aupr\u00e8s des autorit\u00e9s et des institutions r\u00e9gionales.<\/p>\n                                    <\/div>\n                                <\/div>\n\t\t\t\t\t\t\t\t                            <\/div>\n                        <\/div>\n                    <\/div>\n\t\t\t\t\t\t\t\t\t                    <div class=\"accordion-item\">\n                        <button class=\"accordion-button collapsed\"\n                                type=\"button\"\n                                id=\"\"\n                                data-bs-toggle=\"collapse\"\n                                data-bs-target=\"#collapse-block_627eaef758f67-5\"\n                                aria-expanded=\"true\"\n                                aria-controls=\"collapse-block_627eaef758f67-5\">\n\t                        <svg class=\"svg-icon icon-arrow-up\" xmlns=\"http:\/\/www.w3.org\/2000\/svg\"><use xmlns:xlink=\"http:\/\/www.w3.org\/1999\/xlink\" xlink:href=\"https:\/\/dev.lapurla.ch\/wp-content\/themes\/lapurla\/dist\/icons.svg?f27dc72#arrow-up\"><\/use><\/svg>                            <h3>\n\t\t\t\t\t\t\t\tO\u00f9 puis-je trouver \u00e0 proximit\u00e9 des offres Lapurla pour les enfants?                             <\/h3>\n                        <\/button>\n\n                        <div id=\"collapse-block_627eaef758f67-5\" class=\"collapse \"\n                             data-parent=\"#accordion-block_627eaef758f67\">\n                            <div class=\"accordion-content row\">\n                                <div class=\"col\">\n                                    <div class=\"text\">\n\t\t\t\t\t\t\t\t\t\t<p>En collaboration avec notre r\u00e9seau, nous sommes en train de cr\u00e9er des offres et de les publier sur notre site Internet. Vous trouverez des projets \u00e0 proximit\u00e9 de votre domicile sur la carte de notre page d\u2019accueil et les \u00e9v\u00e8nements \u00e0 venir sous <a href=\"https:\/\/dev.lapurla.ch\/fr\/events\/\" target=\"_blank\" rel=\"noopener\">Prochains \u00e9v\u00e8nements.<\/a> Si vous avez vous-m\u00eame une offre int\u00e9ressante ou si avez entendu parler d\u2019une offre en accord avec les principes de Lapurla, nous vous invitons \u00e0 nous le communiquer.<\/p>\n                                    <\/div>\n                                <\/div>\n\t\t\t\t\t\t\t\t                            <\/div>\n                        <\/div>\n                    <\/div>\n\t\t\t\t\t\t\t\t\t                    <div class=\"accordion-item\">\n                        <button class=\"accordion-button collapsed\"\n                                type=\"button\"\n                                id=\"\"\n                                data-bs-toggle=\"collapse\"\n                                data-bs-target=\"#collapse-block_627eaef758f67-6\"\n                                aria-expanded=\"true\"\n                                aria-controls=\"collapse-block_627eaef758f67-6\">\n\t                        <svg class=\"svg-icon icon-arrow-up\" xmlns=\"http:\/\/www.w3.org\/2000\/svg\"><use xmlns:xlink=\"http:\/\/www.w3.org\/1999\/xlink\" xlink:href=\"https:\/\/dev.lapurla.ch\/wp-content\/themes\/lapurla\/dist\/icons.svg?f27dc72#arrow-up\"><\/use><\/svg>                            <h3>\n\t\t\t\t\t\t\t\tQuel est le c\u0153ur de Lapurla?                             <\/h3>\n                        <\/button>\n\n                        <div id=\"collapse-block_627eaef758f67-6\" class=\"collapse \"\n                             data-parent=\"#accordion-block_627eaef758f67\">\n                            <div class=\"accordion-content row\">\n                                <div class=\"col\">\n                                    <div class=\"text\">\n\t\t\t\t\t\t\t\t\t\t<p>Le travail de Lapurla repose sur des <a href=\"https:\/\/dev.lapurla.ch\/fr\/prinzipien\/\" target=\"_blank\" rel=\"noopener\">principes<\/a> auxquels tous les membres du r\u00e9seau ont adh\u00e9r\u00e9. Pour les personnes d\u00e9sireuses d\u2019approfondir les aspects sp\u00e9cifiques et la fa\u00e7on dont ont \u00e9t\u00e9 d\u00e9finis les principes de Lapurla, nous recommandons la lecture de la brochure th\u00e9matique <a href=\"https:\/\/dev.lapurla.ch\/fr\/fokuspublikation-aesthetische-bildung-und-kulturelle-teilhabe-von-anfang-an\/\">\u00ab\u00c9veil esth\u00e9tique et participation culturelle d\u00e8s le plus jeune \u00e2ge\u00bb<\/a> (2017). Cette publication contient l\u2019essence des bases th\u00e9oriques du travail de Lapurla. Celles et ceux qui recherchent des id\u00e9es pour avoir plus de Lapurla au quotidien, trouveront certainement de l\u2019inspiration dans la brochure <em><a href=\"https:\/\/dev.lapurla.ch\/fr\/download\/\">\u00abVive la cr\u00e9ativit\u00e9 d\u00e8s le plus jeune \u00e2ge\u00bb<\/a>,<\/em> qui peut \u00eatre command\u00e9e gratuitement.<\/p>\n                                    <\/div>\n                                <\/div>\n\t\t\t\t\t\t\t\t                            <\/div>\n                        <\/div>\n                    <\/div>\n\t\t\t\t\t\t\t\t\t                    <div class=\"accordion-item\">\n                        <button class=\"accordion-button collapsed\"\n                                type=\"button\"\n                                id=\"\"\n                                data-bs-toggle=\"collapse\"\n                                data-bs-target=\"#collapse-block_627eaef758f67-7\"\n                                aria-expanded=\"true\"\n                                aria-controls=\"collapse-block_627eaef758f67-7\">\n\t                        <svg class=\"svg-icon icon-arrow-up\" xmlns=\"http:\/\/www.w3.org\/2000\/svg\"><use xmlns:xlink=\"http:\/\/www.w3.org\/1999\/xlink\" xlink:href=\"https:\/\/dev.lapurla.ch\/wp-content\/themes\/lapurla\/dist\/icons.svg?f27dc72#arrow-up\"><\/use><\/svg>                            <h3>\n\t\t\t\t\t\t\t\tQuelles sont les perspectives de d\u00e9veloppement de Lapurla?                             <\/h3>\n                        <\/button>\n\n                        <div id=\"collapse-block_627eaef758f67-7\" class=\"collapse \"\n                             data-parent=\"#accordion-block_627eaef758f67\">\n                            <div class=\"accordion-content row\">\n                                <div class=\"col\">\n                                    <div class=\"text\">\n\t\t\t\t\t\t\t\t\t\t<p>Lapurla est actuellement une initiative nationale dot\u00e9e d\u2019un r\u00e9seau qui facilite la mise en relation des acteurs et actrices du secteur, donne une plateforme aux divers projets, effectue un travail politique et th\u00e9orique et d\u00e9sire faire \u00e9voluer la port\u00e9e des offres d\u2019\u00e9veil esth\u00e9tique et culturel ax\u00e9es sur la petite enfance. Depuis son lancement en 2017, le mouvement Lapurla s\u2019est sans cesse d\u00e9velopp\u00e9 en Suisse et est actuellement perceptible au niveau national. Il n\u2019est donc pas exclu que la structure de Lapurla se modifie en raison de l\u2019impact de l\u2019initiative.<\/p>\n<p>Aussi serait-il imaginable que Lapurla agisse \u00e0 l\u2019avenir comme un centre de comp\u00e9tences dont le r\u00e9seau constituerait le noyau. Aujourd\u2019hui, le travail de Lapurla est financ\u00e9 par des tiers. Nous sommes reconnaissants d\u2019avoir pu cr\u00e9er, avec le soutien de tous les partenaires et des personnes impliqu\u00e9es, un format qui fasse entendre de diverses fa\u00e7ons les th\u00e8mes chers \u00e0 Lapurla. Pour pouvoir g\u00e9rer durablement la demande croissante \u00e0 laquelle elle fait face, Lapurla doit avoir d\u2019autres partenaires financiers, issus des pouvoirs publics et de la soci\u00e9t\u00e9 civile.<\/p>\n                                    <\/div>\n                                <\/div>\n\t\t\t\t\t\t\t\t                            <\/div>\n                        <\/div>\n                    <\/div>\n\t\t\t\t            <\/div>\n\t\t\t<\/div>\n","protected":false},"excerpt":{"rendered":"<p>Questions fr\u00e9quemment pos\u00e9es<\/p>\n","protected":false},"author":2,"featured_media":0,"parent":0,"menu_order":0,"comment_status":"closed","ping_status":"closed","template":"","meta":{"_acf_changed":false,"latitude":"","longitude":"","kurzbeschreibung":"","datum_von":"","footnotes":""},"class_list":["post-9972","page","type-page","status-publish","hentry"],"acf":[],"_links":{"self":[{"href":"https:\/\/dev.lapurla.ch\/fr\/wp-json\/wp\/v2\/pages\/9972","targetHints":{"allow":["GET"]}}],"collection":[{"href":"https:\/\/dev.lapurla.ch\/fr\/wp-json\/wp\/v2\/pages"}],"about":[{"href":"https:\/\/dev.lapurla.ch\/fr\/wp-json\/wp\/v2\/types\/page"}],"author":[{"embeddable":true,"href":"https:\/\/dev.lapurla.ch\/fr\/wp-json\/wp\/v2\/users\/2"}],"replies":[{"embeddable":true,"href":"https:\/\/dev.lapurla.ch\/fr\/wp-json\/wp\/v2\/comments?post=9972"}],"version-history":[{"count":4,"href":"https:\/\/dev.lapurla.ch\/fr\/wp-json\/wp\/v2\/pages\/9972\/revisions"}],"predecessor-version":[{"id":11227,"href":"https:\/\/dev.lapurla.ch\/fr\/wp-json\/wp\/v2\/pages\/9972\/revisions\/11227"}],"wp:attachment":[{"href":"https:\/\/dev.lapurla.ch\/fr\/wp-json\/wp\/v2\/media?parent=9972"}],"curies":[{"name":"wp","href":"https:\/\/api.w.org\/{rel}","templated":true}]}}