{"id":10810,"date":"2022-05-17T18:43:30","date_gmt":"2022-05-17T16:43:30","guid":{"rendered":"https:\/\/dev.lapurla.ch\/medien\/"},"modified":"2023-01-09T16:22:30","modified_gmt":"2023-01-09T15:22:30","slug":"medien","status":"publish","type":"page","link":"https:\/\/dev.lapurla.ch\/fr\/medien\/","title":{"rendered":"M\u00e9dias"},"content":{"rendered":"\n<div id=\"lead-text-block_b4c871d2cd16781ec1e9ca8cf047a03d\" class=\"mod-lead-text\">\n\t        <div class=\"row\">\n            <div class=\"col-12\">\n\t\t\t\t                <div class=\"lead-text\">\n\t\t\t\t\t<p>Informations, photos, demandes d\u2019interview: nous sommes \u00e0 votre disposition!<\/p>\n                <\/div>\n            <\/div>\n        <\/div>\n\t<\/div>\n\n\n<hr class=\"wp-block-separator has-alpha-channel-opacity\"\/>\n\n\n\n<h2 class=\"wp-block-heading\">Interlocutrice pour les m\u00e9dias<\/h2>\n\n\n\n<hr class=\"wp-block-separator has-alpha-channel-opacity\"\/>\n\n\n\n<p>Karin Kraus<br>Directrice<br>Tel. +41 31 848 38 47<br><a href=\"mailto:karin.kraus@hkb.bfh.ch\">karin.kraus@hkb.bfh.ch<\/a><\/p>\n\n\n\n<hr class=\"wp-block-separator has-alpha-channel-opacity\"\/>\n\n\n\n<h2 class=\"wp-block-heading\">Revue de presse<\/h2>\n\n\n\n<hr class=\"wp-block-separator has-alpha-channel-opacity\"\/>\n\n\n\n<p>Vous trouverez ici tous les articles et contributions m\u00e9diatiques de et sur Lapurla.<\/p>\n\n\n\n<ul class=\"wp-block-list\">\n<li>ThePhilanthropist, 6 janvier 2023: <a href=\"https:\/\/dev.lapurla.ch\/wp-content\/uploads\/2023\/01\/Lapurla-wird-eine-Stiftung-THE-PHILANTHROPIST.pdf\">\u00abLapurla wird eine Stiftung<\/a><\/li>\n<\/ul>\n\n\n\n<ul class=\"wp-block-list\">\n<li>Engagement Migros, 5&nbsp;janvier&nbsp;2022: <a rel=\"noreferrer noopener\" href=\"https:\/\/www.migros-engagement.ch\/de\/news-projekte\/bildung\/kinder-nehmen-kunst-wahr\" target=\"_blank\">\u00abWieso du schon mit Babys ins Museum solltest.\u00bb<\/a><\/li>\n\n\n\n<li>Azione, Ottobre 2021:&nbsp;&nbsp;<a rel=\"noreferrer noopener\" href=\"https:\/\/www.azione.ch\/mondo-migros\/dettaglio\/articolo\/una-giraffa-come-premio.html\" target=\"_blank\">\u00abUna giraffa come&nbsp;premio\u00bb<\/a><\/li>\n\n\n\n<li>La voix des girafes, Octobre 2021, #6: <a rel=\"noreferrer noopener\" href=\"https:\/\/semainepetiteenfance.fr\/wp-content\/uploads\/2021\/10\/voix-des-girafes-6.pdf\" target=\"_blank\">\u00abL&rsquo;enthousiasme Suisse pour l&rsquo;art d\u00e8s le plus jeune \u00e2ge\u00bb<\/a>&nbsp;(p. 22\u201324)<\/li>\n\n\n\n<li>Suppl\u00e9ment \u00c9ducation du Tages-Anzeiger, 29&nbsp;septembre&nbsp;2021: <a rel=\"noreferrer noopener\" href=\"https:\/\/dev.lapurla.ch\/wp-content\/uploads\/2022\/08\/LapurlaMedienspiegelBildungsbeilageTagesanzeigerMedienspiegel20210920.pdf\" target=\"_blank\">\u00abChancengerechtigkeit beginnt im Baby-Alter\u00bb<\/a><\/li>\n\n\n\n<li>B\u00fchnen Bern, 29&nbsp;septembre&nbsp;2021: <a rel=\"noreferrer noopener\" href=\"https:\/\/buehnenbern.ch\/bblog\/ein-stueck-fuer-die-allerkleinsten\/\" target=\"_blank\">Ein St\u00fcck f\u00fcr die Allerkleinsten<\/a><\/li>\n\n\n\n<li>Basler Zeitung, 16&nbsp;septembre&nbsp;2021: <a rel=\"noreferrer noopener\" href=\"https:\/\/dev.lapurla.ch\/wp-content\/uploads\/2022\/08\/20210916Basler-Zeitung-Doppelinterview-JSKKLapurla.pdf\" target=\"_blank\">\u00abInspirierte Kinder werden auch kreative Erwachsene\u00bb<\/a><\/li>\n\n\n\n<li>SonntagsZeitung, 12&nbsp;septembre&nbsp;2021: <a rel=\"noreferrer noopener\" href=\"https:\/\/dev.lapurla.ch\/wp-content\/uploads\/2022\/08\/20210912LapurlaDoppelinterview-JSKKSonntagsZeitung.pdf\" target=\"_blank\">\u00abInspirierte Kinder werden auch kreative Erwachsene\u00bb<\/a><\/li>\n\n\n\n<li>Tages-Anzeiger, 11&nbsp;septembre&nbsp;2021: <a rel=\"noreferrer noopener\" href=\"https:\/\/dev.lapurla.ch\/wp-content\/uploads\/2022\/08\/20210911LapurlaDoppelinterview-JSKKTagesanzeiger-1.pdf\" target=\"_blank\">\u00abInspirierte Kinder werden auch kreative Erwachsene\u00bb<\/a><\/li>\n\n\n\n<li>Berner Zeitung, 11&nbsp;septembre&nbsp;2021: <a rel=\"noreferrer noopener\" href=\"https:\/\/dev.lapurla.ch\/wp-content\/uploads\/2022\/08\/20210911LapurlaDoppelinterview-JSKKBerner-Zeitung-3.pdf\" target=\"_blank\">\u00abInspirierte Kinder werden auch kreative Erwachsene\u00bb<\/a><\/li>\n\n\n\n<li>Journal de la HEAB, num\u00e9ro 3, septembre&nbsp;2021: <a rel=\"noreferrer noopener\" href=\"https:\/\/dev.lapurla.ch\/wp-content\/uploads\/2022\/08\/HKBZeitungBund2S27202109.pdf\" target=\"_blank\">Ein HKB-Studiengang stellt sich vor. \u00abCertificate of Advanced Studies Kulturelle Bildung\u00bb<\/a><\/li>\n\n\n\n<li>Migros Magazine, 3&nbsp;mai&nbsp;2021: <a rel=\"noreferrer noopener\" href=\"https:\/\/dev.lapurla.ch\/wp-content\/uploads\/2022\/08\/20210503Interview-Gerald-Huether-MigrosMagazin-D-CH.pdf\" target=\"_blank\">\u00abDurch freies Spiel erhalten die Kinder ein besser&nbsp;vernetztes Gehirn\u00bb<\/a><\/li>\n\n\n\n<li>Migros Magazine, 3&nbsp;mai&nbsp;2021:&nbsp;<a rel=\"noreferrer noopener\" href=\"https:\/\/dev.lapurla.ch\/wp-content\/uploads\/2022\/08\/20210503Interview-Gerald-Huether-MigrosMagazin-F-CH.pdf\" target=\"_blank\">\u00abPour se conformer aux mesures, un enfant doit r\u00e9primer ses besoins\u00bb<\/a><\/li>\n\n\n\n<li>Azione, 3&nbsp;mai&nbsp;2021: <a rel=\"noreferrer noopener\" href=\"https:\/\/dev.lapurla.ch\/wp-content\/uploads\/2022\/08\/20210503Interview-Gerald-Huether-AZIONE.pdf\" target=\"_blank\">\u00abLa voglia distare vicino ai nonni\u00bb<\/a><\/li>\n\n\n\n<li>Content Hub Migros Engagement, 30&nbsp;avril&nbsp;2021:&nbsp;<a rel=\"noreferrer noopener\" href=\"https:\/\/www.migros-engagement.ch\/de\/was-bewegt\/bildung\/interview-gerald-huether\" target=\"_blank\">\u00abDie Lust auf N\u00e4he mit dem Grosi ist irgendwann einfach weg.\u00bb<\/a><\/li>\n\n\n\n<li>The Philanthropist, 23&nbsp;avril&nbsp;2021: <a rel=\"noreferrer noopener\" href=\"https:\/\/thephilanthropist.ch\/lapurla-neues-netzwerk-zur-foerderung-fruehkindlicher-bildung\/\" target=\"_blank\">\u00abLapurla: Neues Netzwerk zur F\u00f6rderung fr\u00fchkindlicher Bildung\u00bb<\/a><\/li>\n\n\n\n<li>Freundin, mars&nbsp;2021: <a rel=\"noreferrer noopener\" href=\"https:\/\/dev.lapurla.ch\/wp-content\/uploads\/2022\/08\/LapurlaFREU21000801Schweiz.pdf\" target=\"_blank\">Probier mal!<\/a><\/li>\n\n\n\n<li>Appenzeller Volksfreund, 17&nbsp;f\u00e9vrier&nbsp;2021: <a rel=\"noreferrer noopener\" href=\"https:\/\/dev.lapurla.ch\/wp-content\/uploads\/2022\/08\/Ohne-Titel.pdf\" target=\"_blank\">\u00abKunstprojekt mit Chinderhort-Kindern in der Kunst\u00adhalle Ziegelh\u00fctte: Der Neugier der Kinder folgen\u00bb<\/a><\/li>\n\n\n\n<li>Wir Eltern, 01.02.2021: <a rel=\"noreferrer noopener\" href=\"https:\/\/dev.lapurla.ch\/wp-content\/uploads\/2022\/08\/20210201wir-eltern-Hinweis-Broschuere-Lapurla.pdf\" target=\"_blank\">Kind &amp; Kunst<\/a><\/li>\n\n\n\n<li>Das Schweizer ElternMagazin Fritz&amp;Fr\u00e4nzi, 15&nbsp;janvier&nbsp;2021: <a rel=\"noreferrer noopener\" href=\"https:\/\/www.fritzundfraenzi.ch\/erziehung\/entwicklung\/neue-broschure-fur-kreative-forderung-bei-kleinkindern\" target=\"_blank\">Kreativ aber&nbsp;wie?<\/a><\/li>\n\n\n\n<li>Journal de la HEAB, num\u00e9ro 4, d\u00e9cembre&nbsp;2020:&nbsp;<a rel=\"noreferrer noopener\" href=\"https:\/\/dev.lapurla.ch\/wp-content\/uploads\/2022\/08\/HKBZeitung420.pdf.pdf\" target=\"_blank\">Absolvent*in im Fokus: Salome B\u00f6ni<\/a><\/li>\n\n\n\n<li>Spielgruppe.ch, 4<sup>e<\/sup> \u00e9dition, septembre&nbsp;2020: <a rel=\"noreferrer noopener\" href=\"https:\/\/dev.lapurla.ch\/wp-content\/uploads\/2022\/08\/SpielgruppeCHSeptember2020Willkommenskultur.pdf\" target=\"_blank\">Auf dem Weg zu einer Willkommenskultur<\/a><\/li>\n\n\n\n<li>Spielgruppe.ch, num\u00e9ro 4, septembre&nbsp;2020: <a rel=\"noreferrer noopener\" href=\"https:\/\/dev.lapurla.ch\/wp-content\/uploads\/2022\/08\/LapurlaSpielgruppeCHSeptember2020Theater.pdf\" target=\"_blank\">Darstellende Kunst&nbsp;im Fr\u00fchbereich<\/a>&nbsp;\u2013 Projekt <a href=\"https:\/\/dev.lapurla.ch\/fr\/project\/prima-holz\/\">PRIMA<\/a><\/li>\n\n\n\n<li>Obwaldner Zeitung, 18.9.2020: <a rel=\"noreferrer noopener\" href=\"https:\/\/dev.lapurla.ch\/wp-content\/uploads\/2022\/08\/OZ200918.pdf\" target=\"_blank\">Neues Atelier f\u00fcr Fr\u00fchf\u00f6rderung<\/a><\/li>\n\n\n\n<li>Nidwaldner Zeitung, 18.9.2020:&nbsp;<a rel=\"noreferrer noopener\" href=\"https:\/\/dev.lapurla.ch\/wp-content\/uploads\/2022\/08\/NidwaldnerZeitung200918.pdf\" target=\"_blank\">In diesem Atelier ist das Kind der Experte<\/a><\/li>\n\n\n\n<li>Luzerner Zeitung online, 18.9.2020:&nbsp;<a rel=\"noreferrer noopener\" href=\"https:\/\/dev.lapurla.ch\/wp-content\/uploads\/2022\/06\/LuzernerZeitungOnline200918.pdf\" target=\"_blank\">Fr\u00fchf\u00f6rderung einmal anders: In diesem Obwaldner Atelier ist das Kind der Experte<\/a><\/li>\n\n\n\n<li>Bieler Tagblatt, 7.3.2020:&nbsp;<a rel=\"noreferrer noopener\" href=\"https:\/\/dev.lapurla.ch\/wp-content\/uploads\/2022\/08\/BielerTagblatt07032020.pdf\" target=\"_blank\">Spielerisch Kunst und Kultur entdecken<\/a><\/li>\n\n\n\n<li>Le journal du Jura, 4.3.2020:&nbsp;<a rel=\"noreferrer noopener\" href=\"https:\/\/dev.lapurla.ch\/wp-content\/uploads\/2022\/08\/Journal-du-Jura-04.03.20-.pdf\" target=\"_blank\">La lecture prend vie<\/a><\/li>\n\n\n\n<li>Gazette. Das Bildungsmagazin. Curaviva.ch, mars&nbsp;2020: <a rel=\"noreferrer noopener\" href=\"https:\/\/dev.lapurla.ch\/wp-content\/uploads\/2022\/08\/ArtikelGazette.pdf\" target=\"_blank\">Kultur f\u00fcr die Kleinsten<\/a><\/li>\n\n\n\n<li>Radio SRF, 14.02.2020: <a rel=\"noreferrer noopener\" href=\"https:\/\/dev.lapurla.ch\/wp-content\/uploads\/2022\/08\/Beitrag-Initiative-Lapurla.mp3\" target=\"_blank\">Beitrag zur Initiative Lapurla<\/a><\/li>\n\n\n\n<li>Radio SRF, 13.02.2020:&nbsp;<a rel=\"noreferrer noopener\" href=\"https:\/\/www.srf.ch\/news\/regional\/bern-freiburg-wallis\/kulturfoerderung-im-wallis-keiner-zu-klein-ein-kuenstler-zu-sein\" target=\"_blank\">Keiner zu klein, ein K\u00fcnstler zu sein.<\/a>&nbsp;Der Kinder-Kulturtreff in Brig will die Kreativit\u00e4t von Kleinkindern f\u00f6rdern. Auch die J\u00fcngsten sind willkommen.<\/li>\n\n\n\n<li>Liechtensteiner Vaterland, 5.2.2020: <a rel=\"noreferrer noopener\" href=\"https:\/\/dev.lapurla.ch\/wp-content\/uploads\/2022\/08\/VaterlandKarinKraus-Kopie.pdf\" target=\"_blank\">Kreativit\u00e4t f\u00fcr alle \u2013 auch f\u00fcr die Kinder<\/a>. Referat von Karin Kraus im TAK Liechtenstein im Rahmen des PRIMA&nbsp;Theaterfestivals f\u00fcr die J\u00fcngsten.<\/li>\n\n\n\n<li>Art TV, 5.2.2020: <a rel=\"noreferrer noopener\" href=\"https:\/\/www.arttv.ch\/buehne\/theater-fuer-die-kleinsten-flow\/?fbclid=IwAR2THgVWf5J_D53aUPQ4xk5Or1e6hdcDjs4J5xjMZno2gyntqKWcpquZ7UE\" target=\"_blank\">Theater f\u00fcr die Kleinsten | Flow.<\/a>&nbsp;\u00abTheater von Anfang an\u00bb ist ein in der Schweiz noch wenig bekanntes Theaterformat f\u00fcr Kinder zwischen zwei und vier Jahren. Bereits den Allerkleinsten wird so die Teilnahme an Kunst und Kultur erm\u00f6glicht.&nbsp;<\/li>\n\n\n\n<li>Radio SRF 1, 1.2.2020: <a rel=\"noreferrer noopener\" href=\"https:\/\/www.srf.ch\/audio\/regionaljournal-aargau-solothurn\/aargauer-machen-theater-fuer-die-kleinsten?id=11703671\" target=\"_blank\">Aargauer machen Theater f\u00fcr die Kleinsten<\/a>&nbsp;Das Theaterfestival \u00abPrima\u00bb zieht seit einigen Wochen durch die Schweiz. Mit dabei sind auch zwei Theatermacher aus dem Aargau. Sie spielen schon seit einigen Jahren f\u00fcr Kleinkinder. Immer wieder werde sie dabei gefragt, ob es Theater f\u00fcr Zweij\u00e4hrige \u00fcberhaupt braucht&nbsp;(Beitrag ab Minute 02:11).<\/li>\n\n\n\n<li>Liechtensteiner Vaterland, 1<sup>er<\/sup>&nbsp;f\u00e9vrier&nbsp;2020: <a rel=\"noreferrer noopener\" href=\"https:\/\/dev.lapurla.ch\/wp-content\/uploads\/2022\/08\/VL20200201AnkKarinKraus.pdf\" target=\"_blank\">Die Kunst, die Kleinsten zu fesseln<\/a>.&nbsp;Gegl\u00fcckter Auftakt des Prima-Festivals: Erstmals lud das TAK Babys zum Theater ein. \u00abIcil\u00e0-Hierda\u00bb hiess die H\u00f6r- und Spielperformance.<\/li>\n\n\n\n<li>Volksblatt Liechtenstein, 31&nbsp;janvier&nbsp;2020: <a rel=\"noreferrer noopener\" href=\"https:\/\/dev.lapurla.ch\/wp-content\/uploads\/2022\/08\/VB20200131AnkVortragKarinKraus.pdf\" target=\"_blank\">PRIMA-Festival \u00f6ffnet T\u00fcren<\/a>.<\/li>\n\n\n\n<li>Walliser Bote, 2&nbsp;f\u00e9vrier&nbsp;2020: <a rel=\"noreferrer noopener\" href=\"https:\/\/www.1815.ch\/news\/wallis\/aktuell\/keiner-zu-klein-kreativ-zu-sein\/\" target=\"_blank\">Keiner zu klein, kreativ zu sein<\/a>&nbsp;<\/li>\n\n\n\n<li>Walliser Bote, 3&nbsp;f\u00e9vrier&nbsp;2020:&nbsp;<a rel=\"noreferrer noopener\" href=\"https:\/\/dev.lapurla.ch\/wp-content\/uploads\/2022\/07\/LapurlaKKTSuperwurmWB03022020.jpg\" target=\"_blank\">Kreativit\u00e4t kennt kein Alter<\/a>.&nbsp;Beitr\u00e4ge zum grossen Publikumsaufmarsch bei unserem Projektpartner&nbsp;Zeughaus Kultur Brig im Rahmen&nbsp;des PRIMA Theaterfestivals f\u00fcr die J\u00fcngsten.<\/li>\n\n\n\n<li>SRF-Tagesschau du 11&nbsp;janvier&nbsp;2020, 22:05:&nbsp;<a href=\"https:\/\/www.srf.ch\/play\/tv\/tagesschau\/video\/tagesschau-vom-11-01-2020-spaetausgabe?urn=urn:srf:video:4bdc2c63-c747-471e-b2f8-56e721e02a39\">Kinder, ist das ein Theater!<\/a>&nbsp;Beitrag zur Er\u00f6ffnung des ersten PRIMA-Theaterfestivals f\u00fcr die J\u00fcngsten. PRIMA ist ein wichtiger Netzwerk- und Projektpartner von Lapurla.<\/li>\n\n\n\n<li>TagesAnzeiger, Z\u00fcritipp, 8&nbsp;janvier&nbsp;2020: <a rel=\"noreferrer noopener\" href=\"https:\/\/www.tagesanzeiger.ch\/zueritipp\/buehne\/geh-ins-theater-baby\/story\/10799327#mostPopularComment\" target=\"_blank\">Geh ins Theater, Baby!&nbsp;Das Prima Theaterfestival zeigt St\u00fccke f\u00fcr kleine Menschen unter vier Jahren. Das ist auch eine Einladung f\u00fcr die Grossen.<\/a>&nbsp;PRIMA ist ein wichtiger&nbsp;Netzwerk- und Projektpartner von Lapurla.<\/li>\n\n\n\n<li>Schweiz am Wochenende, 4&nbsp;janvier&nbsp;2020: <a rel=\"noreferrer noopener\" href=\"https:\/\/www.tagblatt.ch\/kultur\/runter-vom-wickeltisch-rein-in-die-oper-wie-es-ist-sein-baby-an-kulturelle-anlaesse-mitzunehmen-ld.1181892\" target=\"_blank\">Runter vom&nbsp;Wickeltisch, rein in die Oper: Wie es ist, sein Baby an kulturelle Anl\u00e4sse mitzunehmen<\/a><\/li>\n\n\n\n<li>rro \u2013 radio rottu oberwallis, 16&nbsp;d\u00e9cembre&nbsp;2019:&nbsp;<a rel=\"noreferrer noopener\" href=\"https:\/\/www.youtube.com\/watch?v=0QWqXR4EnsU&amp;feature=share&amp;fbclid=IwAR21WmwSx58y4d4txE7JSpXeYv6EyfHvz0oM8BovluFjloJaum2fNpXjG-I\" target=\"_blank\">Der KinderKulturTreff Brig stellt sich vor!<\/a>&nbsp;&gt;&gt; Projekt <a rel=\"noreferrer noopener\" href=\"https:\/\/dev.lapurla.ch\/fr\/project\/kinderkulturtreff-mini\/\" target=\"_blank\">KinderKulturTreff MINI<\/a><\/li>\n\n\n\n<li>Walliser Bote, 7&nbsp;novembre&nbsp;2019: <a rel=\"noreferrer noopener\" href=\"https:\/\/dev.lapurla.ch\/wp-content\/uploads\/2022\/08\/LapurlaKinderkulturTreffWalliserBote20191108.pdf\" target=\"_blank\">Kreativit\u00e4t ist die Kompetenz der Zukunft<\/a>&nbsp;&nbsp;&gt;&gt; Projekt <a rel=\"noreferrer noopener\" href=\"https:\/\/dev.lapurla.ch\/fr\/project\/kinderkulturtreff-mini\/\" target=\"_blank\">KinderKulturTreff MINI<\/a><\/li>\n\n\n\n<li>Journal de la HEAB, num\u00e9ro de septembre \u2013 novembre 2019, Rubrique &lsquo;Excellent!&rsquo;, interview de Silvana Coppola, dipl\u00f4m\u00e9e du CAS: <a rel=\"noreferrer noopener\" href=\"https:\/\/dev.lapurla.ch\/wp-content\/uploads\/2022\/08\/190820HKBZeitung319S4web.pdf\" target=\"_blank\">Die Kinder waren Vorbilder f\u00fcr die Erwachsenen<\/a><\/li>\n\n\n\n<li>Migros&nbsp;Magazine, 30&nbsp;septembre&nbsp;2019: <a rel=\"noreferrer noopener\" href=\"https:\/\/dev.lapurla.ch\/wp-content\/uploads\/2022\/08\/MMD-40Lapurla.pdf\" target=\"_blank\">Spielwiese Kunsthalle<\/a>&nbsp;&gt;&gt; Projekt <a rel=\"noreferrer noopener\" href=\"https:\/\/dev.lapurla.ch\/fr\/project\/chiku-schauen-und-staunen-gestalten-und-wirken-kreativ-sein\/\" target=\"_blank\">CHIKU<\/a><\/li>\n\n\n\n<li>Canal 3, 4&nbsp;juillet&nbsp;2019:<a rel=\"noreferrer noopener\" href=\"https:\/\/dev.lapurla.ch\/wp-content\/uploads\/2022\/08\/LapurlaInterviewAnneBernasconi040719-1.mp3\" target=\"_blank\">Interview<\/a> avec&nbsp;Anne Bernasconi (artiste et participante <a rel=\"noreferrer noopener\" href=\"https:\/\/dev.lapurla.ch\/fr\/project\/u4-impulsstipendien-fuer-die-foerderung-der-kulturellen-teilhabe-in-der-fruehen-kindheit\/\" target=\"_blank\">U4<\/a>).<\/li>\n\n\n\n<li>Bieler Tagblatt, 20&nbsp;juin&nbsp;2019: <a href=\"https:\/\/dev.lapurla.ch\/wp-content\/uploads\/2022\/08\/Auch-die-Kleinsten-sollen-am-kulturellen-Leben-teilhaben-Bieler-Tagblatt.pdf\">Auch die Kleinsten sollen am kulturellen Leben teilhaben<\/a>&nbsp;&gt;&gt; <a rel=\"noreferrer noopener\" href=\"https:\/\/dev.lapurla.ch\/fr\/project\/u4-impulsstipendien-fuer-die-foerderung-der-kulturellen-teilhabe-in-der-fruehen-kindheit\/\" target=\"_blank\">Projekt U4<\/a><\/li>\n\n\n\n<li>Mamablog de Jeannette Kuster, \u00e9ditions en ligne du Tages-Anzeiger et de la Basler Zeitung, 1<sup>er<\/sup>&nbsp;avril&nbsp;2019: <a rel=\"noreferrer noopener\" href=\"https:\/\/blog.tagesanzeiger.ch\/mamablog\/index.php\/82254\/keiner-zu-klein-kreativ-zu-sein\/\" target=\"_blank\">Keiner zu klein, kreativ zu sein<\/a>&nbsp;\u2013 Familienanl\u00e4sse <a rel=\"noreferrer noopener\" href=\"http:\/\/${link:{uuid:{eda21d1c-9ed0-4ffc-9417-cbc779654f34},repository:{website},path:{\/lapurla\/anlaesse\/rueckblick\/familienangebote\/HKBgaL_2019}}}\" target=\"_blank\">Spuren suchen &amp; erforschen<\/a><\/li>\n<\/ul>\n","protected":false},"excerpt":{"rendered":"<p>Interlocutrice pour les m\u00e9dias Karin KrausDirectriceTel. +41 31 848 38 47karin.kraus@hkb.bfh.ch Revue de presse Vous trouverez ici tous les articles et contributions m\u00e9diatiques de et sur Lapurla.<\/p>\n","protected":false},"author":2,"featured_media":0,"parent":0,"menu_order":0,"comment_status":"closed","ping_status":"closed","template":"","meta":{"_acf_changed":false,"latitude":"","longitude":"","kurzbeschreibung":"","datum_von":"","footnotes":""},"class_list":["post-10810","page","type-page","status-publish","hentry"],"acf":[],"_links":{"self":[{"href":"https:\/\/dev.lapurla.ch\/fr\/wp-json\/wp\/v2\/pages\/10810","targetHints":{"allow":["GET"]}}],"collection":[{"href":"https:\/\/dev.lapurla.ch\/fr\/wp-json\/wp\/v2\/pages"}],"about":[{"href":"https:\/\/dev.lapurla.ch\/fr\/wp-json\/wp\/v2\/types\/page"}],"author":[{"embeddable":true,"href":"https:\/\/dev.lapurla.ch\/fr\/wp-json\/wp\/v2\/users\/2"}],"replies":[{"embeddable":true,"href":"https:\/\/dev.lapurla.ch\/fr\/wp-json\/wp\/v2\/comments?post=10810"}],"version-history":[{"count":8,"href":"https:\/\/dev.lapurla.ch\/fr\/wp-json\/wp\/v2\/pages\/10810\/revisions"}],"predecessor-version":[{"id":14029,"href":"https:\/\/dev.lapurla.ch\/fr\/wp-json\/wp\/v2\/pages\/10810\/revisions\/14029"}],"wp:attachment":[{"href":"https:\/\/dev.lapurla.ch\/fr\/wp-json\/wp\/v2\/media?parent=10810"}],"curies":[{"name":"wp","href":"https:\/\/api.w.org\/{rel}","templated":true}]}}