{"id":10009,"date":"2022-06-27T20:21:57","date_gmt":"2022-06-27T18:21:57","guid":{"rendered":"https:\/\/dev.lapurla.ch\/fokuspublikation\/"},"modified":"2022-09-08T19:01:52","modified_gmt":"2022-09-08T17:01:52","slug":"fokuspublikation","status":"publish","type":"page","link":"https:\/\/dev.lapurla.ch\/fr\/fokuspublikation\/","title":{"rendered":"Cadre d\u2019orientation et brochure th\u00e9matique"},"content":{"rendered":"\n<div id=\"lead-text-block_62b9f445f0d31\" class=\"mod-lead-text\">\n\t        <div class=\"row\">\n            <div class=\"col-12\">\n\t\t\t\t                <div class=\"lead-text\">\n\t\t\t\t\t<p>Les bases th\u00e9oriques de Lapurla reposent sur le \u00abCadre d\u2019orientation pour la formation, l\u2019encadrement et l\u2019accueil de la petite enfance en Suisse\u00bb (2012) et sur la brochure th\u00e9matique \u00ab\u00c9veil esth\u00e9tique et participation culturelle d\u00e8s le plus jeune \u00e2ge\u00bb. (2017). Lapurla teste dans la pratique les mesures qui y sont recommand\u00e9es.<\/p>\n                <\/div>\n            <\/div>\n        <\/div>\n\t<\/div>\n\n\n<figure class=\"wp-block-image size-large\"><img loading=\"lazy\" decoding=\"async\" width=\"1024\" height=\"412\" src=\"https:\/\/dev.lapurla.ch\/wp-content\/uploads\/2022\/06\/GrafikEntstehungLapurla-1024x412.jpg\" alt=\"\" class=\"wp-image-1543\" srcset=\"https:\/\/dev.lapurla.ch\/wp-content\/uploads\/2022\/06\/GrafikEntstehungLapurla-1024x412.jpg 1024w, https:\/\/dev.lapurla.ch\/wp-content\/uploads\/2022\/06\/GrafikEntstehungLapurla-300x121.jpg 300w, https:\/\/dev.lapurla.ch\/wp-content\/uploads\/2022\/06\/GrafikEntstehungLapurla-768x309.jpg 768w, https:\/\/dev.lapurla.ch\/wp-content\/uploads\/2022\/06\/GrafikEntstehungLapurla-1536x617.jpg 1536w, https:\/\/dev.lapurla.ch\/wp-content\/uploads\/2022\/06\/GrafikEntstehungLapurla.jpg 1550w\" sizes=\"auto, (max-width: 1024px) 100vw, 1024px\" \/><\/figure>\n\n\n\n<h2 class=\"wp-block-heading\">Cadre d\u2019orientation pour la formation, l\u2019encadrement et l\u2019accueil de la petite enfance\u00a0<\/h2>\n\n\n\n<p>Avec le <a href=\"https:\/\/www.netzwerk-kinderbetreuung.ch\/de\/innovation\/orientierungsrahmen\/\" target=\"_blank\" rel=\"noreferrer noopener\">\u00abCadre d\u2019orientation pour la formation, l\u2019accueil et l\u2019\u00e9ducation de la petite enfance en Suisse\u00bb<\/a>, nous disposons depuis 2012 d\u2019un premier document de r\u00e9f\u00e9rence sur les besoins et les droits des tout-petits. Ce document adopte sciemment le point de vue de l\u2019enfant en posant les pierres angulaires sur lesquelles fonder des mesures efficaces et adapt\u00e9es aux tout-petits.<\/p>\n\n\n<p><iframe loading=\"lazy\" src=\"https:\/\/www.youtube.com\/embed\/Jl9g9x8mnjQ\" title=\"YouTube video player\" allow=\"accelerometer; autoplay; clipboard-write; encrypted-media; gyroscope; picture-in-picture\" allowfullscreen=\"\" width=\"560\" height=\"315\" frameborder=\"0\"><\/iframe><\/p>\n\n\n\n<hr class=\"wp-block-separator has-alpha-channel-opacity\"\/>\n\n\n\n<h2 class=\"wp-block-heading\">Brochure th\u00e9matique \u00ab\u00c9veil esth\u00e9tique et participation culturelle d\u00e8s le plus jeune \u00e2ge\u00bb<\/h2>\n\n\n\n<h3 class=\"wp-block-heading\">Aspects et \u00e9l\u00e9ments constitutifs de l\u2019encouragement de la cr\u00e9ativit\u00e9 d\u00e8s la petite enfance: pour un dialogue interdisciplinaire.<\/h3>\n\n\n\n<p>Comme le souligne le \u00abCadre d\u2019orientation pour la formation, l\u2019accueil et l\u2019\u00e9ducation de la petite enfance en Suisse\u00bb, favoriser l\u2019expression artistique et la participation culturelle d\u00e8s le plus jeune \u00e2ge contribue utilement au d\u00e9veloppement harmonieux de toutes les facult\u00e9s. La brochure th\u00e9matique \u00ab\u00c9veil esth\u00e9tique et participation culturelle d\u00e8s le plus jeune \u00e2ge\u00bb, \u00e9dit\u00e9e par le R\u00e9seau suisse d\u2019accueil extrafamilial en collaboration avec la Haute \u00e9cole des arts de Berne et le Pour-cent culturel Migros, se penche sur la question de savoir comment cr\u00e9er les conditions-cadres n\u00e9cessaires \u00e0 un encouragement de la cr\u00e9ativit\u00e9 de qualit\u00e9 dans la petite enfance \u2013 et ce, au-del\u00e0 des fronti\u00e8res institutionnelles.<\/p>\n\n\n\n<p>La brochure th\u00e9matique privil\u00e9gie une approche bas\u00e9e sur la stimulation de la capacit\u00e9 de l\u2019enfant \u00e0 interagir avec son environnement d\u2019une mani\u00e8re ludique et cr\u00e9ative pour d\u00e9couvrir le monde et se d\u00e9velopper lui-m\u00eame comme un \u00eatre culturel. Par ailleurs, la publication invite les expert-es et les praticien-nes des milieux artistiques et culturels ainsi que les professionnel-les et les institutions de formation, d\u2019accueil et d\u2019\u00e9ducation de la petite enfance \u00e0 entamer et \u00e0 promouvoir le dialogue.<\/p>\n\n\n\n<p>La brochure th\u00e9matique en allemand a \u00e9t\u00e9 pr\u00e9sent\u00e9e \u00e0 un large public en mai 2017 lors d\u2019un \u00e9v\u00e8nement de lancement au Migros Museum f\u00fcr Gegenwartskunst \u00e0 Zurich. Elle est plac\u00e9e sous le patronage de la Commission suisse pour l\u2019UNESCO. En septembre 2019, l\u2019\u00e9dition fran\u00e7aise a \u00e9t\u00e9 lanc\u00e9e lors d\u2019un <a rel=\"noreferrer noopener\" href=\"http:\/\/www.proenfance.ch\/agenda\/icalrepeat.detail\/2019\/09\/26\/55\/-\/une-journee-sur-l-eveil-culturel-des-jeune-enfants\" target=\"_blank\">\u00e9v\u00e8nement<\/a> au <a rel=\"noreferrer noopener\" href=\"http:\/\/www.museedelamain.ch\/\" target=\"_blank\">Mus\u00e9e de la Main<\/a> \u00e0 Lausanne.<\/p>\n\n\n\n<blockquote class=\"wp-block-quote is-layout-flow wp-block-quote-is-layout-flow\"><p><q>La brochure th\u00e9matique a permis de mettre largement en lumi\u00e8re, dans toutes les r\u00e9gions du pays, le th\u00e8me de l\u2019\u00e9veil esth\u00e9tique et de la participation culturelle de la petite enfance en Suisse.<\/q><\/p><cite>Membre de la Commission suisse pour l\u2019UNESCO \u2013 Commission 2004\u201319<\/cite><\/blockquote>\n\n\n\n<div style=\"height:51px\" aria-hidden=\"true\" class=\"wp-block-spacer\"><\/div>\n\n\n\n<div id=\"button-block_62b9f533f0d32\" class=\"mod-button\">\n\t        <div class=\"block-button\">\n\t\t\t                <a href=\"https:\/\/dev.lapurla.ch\/fr\/download\/\" title=\"T\u00e9l\u00e9chargement et commande\" target=\"\" class=\"block-button__link\">\n\t\t\t\t\tT\u00e9l\u00e9chargement et commande                <\/a>\n\t\t\t        <\/div>\n\t<\/div>\n","protected":false},"excerpt":{"rendered":"<p>Cadre d\u2019orientation pour la formation, l\u2019encadrement et l\u2019accueil de la petite enfance\u00a0 Avec le \u00abCadre d\u2019orientation pour la formation, l\u2019accueil et l\u2019\u00e9ducation de la petite enfance en Suisse\u00bb, nous disposons depuis 2012 d\u2019un premier document de r\u00e9f\u00e9rence sur les besoins et les droits des tout-petits. Ce document adopte sciemment le point de vue de l\u2019enfant [&hellip;]<\/p>\n","protected":false},"author":2,"featured_media":0,"parent":0,"menu_order":0,"comment_status":"closed","ping_status":"closed","template":"","meta":{"_acf_changed":false,"latitude":"","longitude":"","kurzbeschreibung":"","datum_von":"","footnotes":""},"class_list":["post-10009","page","type-page","status-publish","hentry"],"acf":[],"_links":{"self":[{"href":"https:\/\/dev.lapurla.ch\/fr\/wp-json\/wp\/v2\/pages\/10009","targetHints":{"allow":["GET"]}}],"collection":[{"href":"https:\/\/dev.lapurla.ch\/fr\/wp-json\/wp\/v2\/pages"}],"about":[{"href":"https:\/\/dev.lapurla.ch\/fr\/wp-json\/wp\/v2\/types\/page"}],"author":[{"embeddable":true,"href":"https:\/\/dev.lapurla.ch\/fr\/wp-json\/wp\/v2\/users\/2"}],"replies":[{"embeddable":true,"href":"https:\/\/dev.lapurla.ch\/fr\/wp-json\/wp\/v2\/comments?post=10009"}],"version-history":[{"count":4,"href":"https:\/\/dev.lapurla.ch\/fr\/wp-json\/wp\/v2\/pages\/10009\/revisions"}],"predecessor-version":[{"id":11280,"href":"https:\/\/dev.lapurla.ch\/fr\/wp-json\/wp\/v2\/pages\/10009\/revisions\/11280"}],"wp:attachment":[{"href":"https:\/\/dev.lapurla.ch\/fr\/wp-json\/wp\/v2\/media?parent=10009"}],"curies":[{"name":"wp","href":"https:\/\/api.w.org\/{rel}","templated":true}]}}